{"id":223,"date":"2025-10-17T10:44:30","date_gmt":"2025-10-17T08:44:30","guid":{"rendered":"https:\/\/prinzpublishing.de\/?page_id=223"},"modified":"2025-12-03T10:23:39","modified_gmt":"2025-12-03T09:23:39","slug":"impressum","status":"publish","type":"page","link":"https:\/\/prinzpublishing.de\/?page_id=223","title":{"rendered":"Impressum"},"content":{"rendered":"\t\t<div data-elementor-type=\"wp-post\" data-elementor-id=\"223\" class=\"elementor elementor-223\">\n\t\t\t\t<div class=\"elementor-element elementor-element-56418c0 e-flex e-con-boxed e-con e-parent\" data-id=\"56418c0\" data-element_type=\"container\">\n\t\t\t\t\t<div class=\"e-con-inner\">\n\t\t\t\t<div class=\"elementor-element elementor-element-e504d68 elementor-widget-divider--view-line elementor-widget elementor-widget-divider\" data-id=\"e504d68\" data-element_type=\"widget\" data-widget_type=\"divider.default\">\n\t\t\t\t\t\t\t<div class=\"elementor-divider\">\n\t\t\t<span class=\"elementor-divider-separator\">\n\t\t\t\t\t\t<\/span>\n\t\t<\/div>\n\t\t\t\t\t\t<\/div>\n\t\t\t\t\t<\/div>\n\t\t\t\t<\/div>\n\t\t<div class=\"elementor-element elementor-element-de9659e e-grid e-con-boxed e-con e-parent\" data-id=\"de9659e\" data-element_type=\"container\">\n\t\t\t\t\t<div class=\"e-con-inner\">\n\t\t\t\t<div class=\"elementor-element elementor-element-6c84952 elementor-hidden-mobile elementor-widget elementor-widget-spacer\" data-id=\"6c84952\" data-element_type=\"widget\" data-widget_type=\"spacer.default\">\n\t\t\t\t\t\t\t<div class=\"elementor-spacer\">\n\t\t\t<div class=\"elementor-spacer-inner\"><\/div>\n\t\t<\/div>\n\t\t\t\t\t\t<\/div>\n\t\t\t\t<div class=\"elementor-element elementor-element-31c7d44 elementor-widget elementor-widget-heading\" data-id=\"31c7d44\" data-element_type=\"widget\" data-widget_type=\"heading.default\">\n\t\t\t\t\t<h2 class=\"elementor-heading-title elementor-size-default\">Impressum<\/h2>\t\t\t\t<\/div>\n\t\t\t\t<div class=\"elementor-element elementor-element-3300a38 elementor-widget-divider--view-line elementor-widget elementor-widget-divider\" data-id=\"3300a38\" data-element_type=\"widget\" data-widget_type=\"divider.default\">\n\t\t\t\t\t\t\t<div class=\"elementor-divider\">\n\t\t\t<span class=\"elementor-divider-separator\">\n\t\t\t\t\t\t<\/span>\n\t\t<\/div>\n\t\t\t\t\t\t<\/div>\n\t\t\t\t<div class=\"elementor-element elementor-element-89b493f elementor-widget elementor-widget-text-editor\" data-id=\"89b493f\" data-element_type=\"widget\" data-widget_type=\"text-editor.default\">\n\t\t\t\t\t\t\t\t\t<div>Prinz Publishing GmbH<br \/>Oesterleystra\u00dfe 3<br \/>22587 Hamburg<\/div><p>shop@prinzpublishing.de<\/p><p style=\"font-weight: 400;\">Prinz Publishing unterst\u00fctzt das Aktionsb\u00fcndnis Verlage gegen Rechts und ist als Verlag Mitglied im B\u00f6rsenverein des Deutschen Buchhandels.\u00a0<\/p><div>Publikationen von Prinz Publishing werden im Verzeichnis Lieferbarer B\u00fccher (VLB) gelistet.\u00a0F\u00fcr Bestellung und Vertrieb des gedruckten Romans \u00bbGoodbye Germania\u00ab ist NOVA MD (<a href=\"http:\/\/www.novamd.de\/\" target=\"_blank\" rel=\"noreferrer nofollow noopener\">www.novamd.de<\/a>) zust\u00e4ndig.\u00a0Im E-Book-Vertrieb vertraut Prinz Publishing auf die Expertise von FEIYR (<a href=\"http:\/\/www.feiyr.com\/\" target=\"_blank\" rel=\"noreferrer nofollow noopener\">www.feiyr.com<\/a>).<\/div><div>\u00a0<\/div>\t\t\t\t\t\t\t\t<\/div>\n\t\t\t\t<div class=\"elementor-element elementor-element-0ac03c7 elementor-widget elementor-widget-spacer\" data-id=\"0ac03c7\" data-element_type=\"widget\" data-widget_type=\"spacer.default\">\n\t\t\t\t\t\t\t<div class=\"elementor-spacer\">\n\t\t\t<div class=\"elementor-spacer-inner\"><\/div>\n\t\t<\/div>\n\t\t\t\t\t\t<\/div>\n\t\t\t\t\t<\/div>\n\t\t\t\t<\/div>\n\t\t<div class=\"elementor-element elementor-element-eb720d3 e-flex e-con-boxed e-con e-parent\" data-id=\"eb720d3\" data-element_type=\"container\" data-settings=\"{&quot;background_background&quot;:&quot;classic&quot;}\">\n\t\t\t\t\t<div class=\"e-con-inner\">\n\t\t\t\t<div class=\"elementor-element elementor-element-445025a elementor-widget elementor-widget-text-editor\" data-id=\"445025a\" data-element_type=\"widget\" data-widget_type=\"text-editor.default\">\n\t\t\t\t\t\t\t\t\t<p>Copyright \u00a9 2025 by Mauris Blandit \/ Prinz Publishing GmbH, Hamburg<\/p>\t\t\t\t\t\t\t\t<\/div>\n\t\t\t\t<div class=\"elementor-element elementor-element-4e4a250 elementor-widget elementor-widget-text-editor\" data-id=\"4e4a250\" data-element_type=\"widget\" data-widget_type=\"text-editor.default\">\n\t\t\t\t\t\t\t\t\t<p><a class=\"menu-link\" style=\"color: #fff !important;\" href=\"https:\/\/prinzpublishing.de\/?page_id=224\">Datenschutz<\/a> | <a class=\"menu-link\" style=\"color: #fff !important;\" href=\"https:\/\/prinzpublishing.de\/?page_id=223\">Impressum<\/a><\/p>\t\t\t\t\t\t\t\t<\/div>\n\t\t\t\t\t<\/div>\n\t\t\t\t<\/div>\n\t\t\t\t<\/div>\n\t\t","protected":false},"excerpt":{"rendered":"<p>Impressum Prinz Publishing GmbHOesterleystra\u00dfe 322587 Hamburg shop@prinzpublishing.de Prinz Publishing unterst\u00fctzt das Aktionsb\u00fcndnis Verlage gegen Rechts und ist als Verlag Mitglied im B\u00f6rsenverein des Deutschen Buchhandels.\u00a0 Publikationen von Prinz Publishing werden im Verzeichnis Lieferbarer B\u00fccher (VLB) gelistet.\u00a0F\u00fcr Bestellung und Vertrieb des gedruckten Romans \u00bbGoodbye Germania\u00ab ist NOVA MD (www.novamd.de) zust\u00e4ndig.\u00a0Im E-Book-Vertrieb vertraut Prinz Publishing auf die [&hellip;]<\/p>\n","protected":false},"author":1,"featured_media":0,"parent":0,"menu_order":0,"comment_status":"closed","ping_status":"closed","template":"","meta":{"footnotes":""},"class_list":["post-223","page","type-page","status-publish","hentry"],"yoast_head":"<!-- This site is optimized with the Yoast SEO plugin v26.4 - https:\/\/yoast.com\/wordpress\/plugins\/seo\/ -->\n<title>Impressum - Mauris Blandit<\/title>\n<meta name=\"robots\" content=\"index, follow, max-snippet:-1, max-image-preview:large, max-video-preview:-1\" \/>\n<link rel=\"canonical\" href=\"https:\/\/prinzpublishing.de\/?page_id=223\" \/>\n<meta property=\"og:locale\" content=\"de_DE\" \/>\n<meta property=\"og:type\" content=\"article\" \/>\n<meta property=\"og:title\" content=\"Impressum - Mauris Blandit\" \/>\n<meta property=\"og:description\" content=\"Impressum Prinz Publishing GmbHOesterleystra\u00dfe 322587 Hamburg shop@prinzpublishing.de Prinz Publishing unterst\u00fctzt das Aktionsb\u00fcndnis Verlage gegen Rechts und ist als Verlag Mitglied im B\u00f6rsenverein des Deutschen Buchhandels.\u00a0 Publikationen von Prinz Publishing werden im Verzeichnis Lieferbarer B\u00fccher (VLB) gelistet.\u00a0F\u00fcr Bestellung und Vertrieb des gedruckten Romans \u00bbGoodbye Germania\u00ab ist NOVA MD (www.novamd.de) zust\u00e4ndig.\u00a0Im E-Book-Vertrieb vertraut Prinz Publishing auf die [&hellip;]\" \/>\n<meta property=\"og:url\" content=\"https:\/\/prinzpublishing.de\/?page_id=223\" \/>\n<meta property=\"og:site_name\" content=\"Mauris Blandit\" \/>\n<meta property=\"article:modified_time\" content=\"2025-12-03T09:23:39+00:00\" \/>\n<meta name=\"twitter:card\" content=\"summary_large_image\" \/>\n<meta name=\"twitter:label1\" content=\"Gesch\u00e4tzte Lesezeit\" \/>\n\t<meta name=\"twitter:data1\" content=\"1\u00a0Minute\" \/>\n<script type=\"application\/ld+json\" class=\"yoast-schema-graph\">{\"@context\":\"https:\/\/schema.org\",\"@graph\":[{\"@type\":\"WebPage\",\"@id\":\"https:\/\/prinzpublishing.de\/?page_id=223\",\"url\":\"https:\/\/prinzpublishing.de\/?page_id=223\",\"name\":\"Impressum - Mauris Blandit\",\"isPartOf\":{\"@id\":\"https:\/\/prinzpublishing.de\/#website\"},\"datePublished\":\"2025-10-17T08:44:30+00:00\",\"dateModified\":\"2025-12-03T09:23:39+00:00\",\"breadcrumb\":{\"@id\":\"https:\/\/prinzpublishing.de\/?page_id=223#breadcrumb\"},\"inLanguage\":\"de\",\"potentialAction\":[{\"@type\":\"ReadAction\",\"target\":[\"https:\/\/prinzpublishing.de\/?page_id=223\"]}]},{\"@type\":\"BreadcrumbList\",\"@id\":\"https:\/\/prinzpublishing.de\/?page_id=223#breadcrumb\",\"itemListElement\":[{\"@type\":\"ListItem\",\"position\":1,\"name\":\"Startseite\",\"item\":\"https:\/\/prinzpublishing.de\/\"},{\"@type\":\"ListItem\",\"position\":2,\"name\":\"Impressum\"}]},{\"@type\":\"WebSite\",\"@id\":\"https:\/\/prinzpublishing.de\/#website\",\"url\":\"https:\/\/prinzpublishing.de\/\",\"name\":\"Mauris Blandit\",\"description\":\"\",\"publisher\":{\"@id\":\"https:\/\/prinzpublishing.de\/#organization\"},\"potentialAction\":[{\"@type\":\"SearchAction\",\"target\":{\"@type\":\"EntryPoint\",\"urlTemplate\":\"https:\/\/prinzpublishing.de\/?s={search_term_string}\"},\"query-input\":{\"@type\":\"PropertyValueSpecification\",\"valueRequired\":true,\"valueName\":\"search_term_string\"}}],\"inLanguage\":\"de\"},{\"@type\":\"Organization\",\"@id\":\"https:\/\/prinzpublishing.de\/#organization\",\"name\":\"Mauris Blandit\",\"url\":\"https:\/\/prinzpublishing.de\/\",\"logo\":{\"@type\":\"ImageObject\",\"inLanguage\":\"de\",\"@id\":\"https:\/\/prinzpublishing.de\/#\/schema\/logo\/image\/\",\"url\":\"https:\/\/prinzpublishing.de\/wp-content\/uploads\/2025\/10\/PP-Logo_E-Book_weiss.png\",\"contentUrl\":\"https:\/\/prinzpublishing.de\/wp-content\/uploads\/2025\/10\/PP-Logo_E-Book_weiss.png\",\"width\":1280,\"height\":891,\"caption\":\"Mauris Blandit\"},\"image\":{\"@id\":\"https:\/\/prinzpublishing.de\/#\/schema\/logo\/image\/\"}}]}<\/script>\n<!-- \/ Yoast SEO plugin. -->","yoast_head_json":{"title":"Impressum - Mauris Blandit","robots":{"index":"index","follow":"follow","max-snippet":"max-snippet:-1","max-image-preview":"max-image-preview:large","max-video-preview":"max-video-preview:-1"},"canonical":"https:\/\/prinzpublishing.de\/?page_id=223","og_locale":"de_DE","og_type":"article","og_title":"Impressum - Mauris Blandit","og_description":"Impressum Prinz Publishing GmbHOesterleystra\u00dfe 322587 Hamburg shop@prinzpublishing.de Prinz Publishing unterst\u00fctzt das Aktionsb\u00fcndnis Verlage gegen Rechts und ist als Verlag Mitglied im B\u00f6rsenverein des Deutschen Buchhandels.\u00a0 Publikationen von Prinz Publishing werden im Verzeichnis Lieferbarer B\u00fccher (VLB) gelistet.\u00a0F\u00fcr Bestellung und Vertrieb des gedruckten Romans \u00bbGoodbye Germania\u00ab ist NOVA MD (www.novamd.de) zust\u00e4ndig.\u00a0Im E-Book-Vertrieb vertraut Prinz Publishing auf die [&hellip;]","og_url":"https:\/\/prinzpublishing.de\/?page_id=223","og_site_name":"Mauris Blandit","article_modified_time":"2025-12-03T09:23:39+00:00","twitter_card":"summary_large_image","twitter_misc":{"Gesch\u00e4tzte Lesezeit":"1\u00a0Minute"},"schema":{"@context":"https:\/\/schema.org","@graph":[{"@type":"WebPage","@id":"https:\/\/prinzpublishing.de\/?page_id=223","url":"https:\/\/prinzpublishing.de\/?page_id=223","name":"Impressum - Mauris Blandit","isPartOf":{"@id":"https:\/\/prinzpublishing.de\/#website"},"datePublished":"2025-10-17T08:44:30+00:00","dateModified":"2025-12-03T09:23:39+00:00","breadcrumb":{"@id":"https:\/\/prinzpublishing.de\/?page_id=223#breadcrumb"},"inLanguage":"de","potentialAction":[{"@type":"ReadAction","target":["https:\/\/prinzpublishing.de\/?page_id=223"]}]},{"@type":"BreadcrumbList","@id":"https:\/\/prinzpublishing.de\/?page_id=223#breadcrumb","itemListElement":[{"@type":"ListItem","position":1,"name":"Startseite","item":"https:\/\/prinzpublishing.de\/"},{"@type":"ListItem","position":2,"name":"Impressum"}]},{"@type":"WebSite","@id":"https:\/\/prinzpublishing.de\/#website","url":"https:\/\/prinzpublishing.de\/","name":"Mauris Blandit","description":"","publisher":{"@id":"https:\/\/prinzpublishing.de\/#organization"},"potentialAction":[{"@type":"SearchAction","target":{"@type":"EntryPoint","urlTemplate":"https:\/\/prinzpublishing.de\/?s={search_term_string}"},"query-input":{"@type":"PropertyValueSpecification","valueRequired":true,"valueName":"search_term_string"}}],"inLanguage":"de"},{"@type":"Organization","@id":"https:\/\/prinzpublishing.de\/#organization","name":"Mauris Blandit","url":"https:\/\/prinzpublishing.de\/","logo":{"@type":"ImageObject","inLanguage":"de","@id":"https:\/\/prinzpublishing.de\/#\/schema\/logo\/image\/","url":"https:\/\/prinzpublishing.de\/wp-content\/uploads\/2025\/10\/PP-Logo_E-Book_weiss.png","contentUrl":"https:\/\/prinzpublishing.de\/wp-content\/uploads\/2025\/10\/PP-Logo_E-Book_weiss.png","width":1280,"height":891,"caption":"Mauris Blandit"},"image":{"@id":"https:\/\/prinzpublishing.de\/#\/schema\/logo\/image\/"}}]}},"_links":{"self":[{"href":"https:\/\/prinzpublishing.de\/index.php?rest_route=\/wp\/v2\/pages\/223","targetHints":{"allow":["GET"]}}],"collection":[{"href":"https:\/\/prinzpublishing.de\/index.php?rest_route=\/wp\/v2\/pages"}],"about":[{"href":"https:\/\/prinzpublishing.de\/index.php?rest_route=\/wp\/v2\/types\/page"}],"author":[{"embeddable":true,"href":"https:\/\/prinzpublishing.de\/index.php?rest_route=\/wp\/v2\/users\/1"}],"replies":[{"embeddable":true,"href":"https:\/\/prinzpublishing.de\/index.php?rest_route=%2Fwp%2Fv2%2Fcomments&post=223"}],"version-history":[{"count":25,"href":"https:\/\/prinzpublishing.de\/index.php?rest_route=\/wp\/v2\/pages\/223\/revisions"}],"predecessor-version":[{"id":412,"href":"https:\/\/prinzpublishing.de\/index.php?rest_route=\/wp\/v2\/pages\/223\/revisions\/412"}],"wp:attachment":[{"href":"https:\/\/prinzpublishing.de\/index.php?rest_route=%2Fwp%2Fv2%2Fmedia&parent=223"}],"curies":[{"name":"wp","href":"https:\/\/api.w.org\/{rel}","templated":true}]}}